{"id":1406,"date":"2026-03-03T15:00:25","date_gmt":"2026-03-03T14:00:25","guid":{"rendered":"https:\/\/campingmeretmontagne.fr\/aktivitaeten\/"},"modified":"2026-04-02T10:06:39","modified_gmt":"2026-04-02T08:06:39","slug":"aktivitaeten","status":"publish","type":"page","link":"https:\/\/campingmeretmontagne.fr\/de\/aktivitaeten\/","title":{"rendered":"Aktivit\u00e4ten"},"content":{"rendered":"<div class=\"diaporama-header align-full\"><div class=\"gallery\"><figure class=\"gallery__item\"><picture><source srcset=\"https:\/\/campingmeretmontagne.fr\/wp-content\/uploads\/2026\/03\/activites-header-420x280.webp\" media=\"(max-width: 210px)\"><source srcset=\"https:\/\/campingmeretmontagne.fr\/wp-content\/uploads\/2026\/03\/activites-header-850x567.webp\" media=\"(max-width: 420px)\"><source srcset=\"https:\/\/campingmeretmontagne.fr\/wp-content\/uploads\/2026\/03\/activites-header-768x512.webp\" media=\"(max-width: 850px)\"><source srcset=\"https:\/\/campingmeretmontagne.fr\/wp-content\/uploads\/2026\/03\/activites-header-1024x683.webp\" media=\"(max-width: 1024px)\"><source srcset=\"https:\/\/campingmeretmontagne.fr\/wp-content\/uploads\/2026\/03\/activites-header.webp\" media=\"(min-width: 1025px)\"><img loading=\"lazy\" decoding=\"async\" src=\"https:\/\/campingmeretmontagne.fr\/wp-content\/uploads\/2026\/03\/activites-header-420x280.webp\" width=\"420\" height=\"210\" alt=\"\" title=\"\"><\/picture><\/figure><\/div><div class=\"diaporama-header__inner\"><\/div><\/div><div class=\"columns sec-30\"><div class=\"columns__item hide-mob\"><div class=\"gallery\"><figure class=\"gallery__item fade-left coin-bg\"><picture><source srcset=\"https:\/\/campingmeretmontagne.fr\/wp-content\/uploads\/2026\/03\/club-enfants-420x329.webp\" media=\"(max-width: 210px)\"><source srcset=\"https:\/\/campingmeretmontagne.fr\/wp-content\/uploads\/2026\/03\/club-enfants-850x666.webp\" media=\"(max-width: 420px)\"><source srcset=\"https:\/\/campingmeretmontagne.fr\/wp-content\/uploads\/2026\/03\/club-enfants-768x602.webp\" media=\"(max-width: 850px)\"><source srcset=\"https:\/\/campingmeretmontagne.fr\/wp-content\/uploads\/2026\/03\/club-enfants-1024x802.webp\" media=\"(max-width: 1024px)\"><source srcset=\"https:\/\/campingmeretmontagne.fr\/wp-content\/uploads\/2026\/03\/club-enfants.webp\" media=\"(min-width: 1025px)\"><img decoding=\"async\" src=\"https:\/\/campingmeretmontagne.fr\/wp-content\/uploads\/2026\/03\/club-enfants-420x329.webp\" width=\"420\" height=\"210\" loading=\"lazy\" alt=\"\" title=\"\"><\/picture><\/figure><\/div><\/div><div class=\"columns__item\" style=\"align-self:center;\"><h1 style=\"color: var(--bleu);\">Der Kinderclub: <span class=\"fc-span\">ein Urlaub voller Lachen und Kreativit\u00e4t<\/span><\/h1><p    >Auf dem <strong>Campingplatz Mer et Montagne in Six-Fours-les-Plages<\/strong> empf\u00e4ngt der <strong>Kinderclub <\/strong>w\u00e4hrend des Sommers <strong>Kinder <\/strong>von<strong> 3-6 Jahren <\/strong>und von<strong> 7-12 Jahren<\/strong>, um gemeinsam spielerische und kreative Momente zu erleben.<\/p><div class=\"lireplus fc-desk\"><p    >Lesen Sie mehr<\/p><div class=\"group\"><p    >Auf dem Programm stehen <strong>Bastelaktivit\u00e4ten, gro\u00dfe Spiele, Wasserspiele und das Erstellen von Sh<\/strong> ows, damit jedes Kind Spa\u00df haben kann. Wir verf\u00fcgen auch \u00fcber einen speziellen Animationsraum f\u00fcr Kinder. <\/p><\/div><\/div><div class=\"buttons display-flex \" style=\"justify-content:left;\"><span class=\"buttons__btn btn-resa\" style=\"text-align:center;\">Ich buche meinen Aufenthalt<\/span><\/div><\/div><div class=\"columns__item\" style=\"align-self:flex-end;\"><div class=\"gallery\"><figure class=\"gallery__item fade-right coin-bd\"><picture><source srcset=\"https:\/\/campingmeretmontagne.fr\/wp-content\/uploads\/2026\/03\/animations-famille-420x236.webp\" media=\"(max-width: 210px)\"><source srcset=\"https:\/\/campingmeretmontagne.fr\/wp-content\/uploads\/2026\/03\/animations-famille-850x479.webp\" media=\"(max-width: 420px)\"><source srcset=\"https:\/\/campingmeretmontagne.fr\/wp-content\/uploads\/2026\/03\/animations-famille-768x432.webp\" media=\"(max-width: 850px)\"><source srcset=\"https:\/\/campingmeretmontagne.fr\/wp-content\/uploads\/2026\/03\/animations-famille-1024x577.webp\" media=\"(max-width: 1024px)\"><source srcset=\"https:\/\/campingmeretmontagne.fr\/wp-content\/uploads\/2026\/03\/animations-famille.webp\" media=\"(min-width: 1025px)\"><img decoding=\"async\" src=\"https:\/\/campingmeretmontagne.fr\/wp-content\/uploads\/2026\/03\/animations-famille-420x236.webp\" width=\"420\" height=\"210\" loading=\"lazy\" alt=\"\" title=\"\"><\/picture><\/figure><\/div><\/div><\/div><div class=\"columns sec-10\"><div class=\"columns__item flex-07\" style=\"align-self:flex-start;\"><h2 style=\"color: var(--vert);\">Sportliche Aktivit\u00e4ten f\u00fcr die ganze Familie <span class=\"fc-span\">in Six-Fours-Les-Plages<\/span><\/h2><div class=\"gallery f-carousel fc-diapo-mob\" data-fancybox=\"gallery-mob\"><figure class=\"gallery__item fade-left coin-hd\"><picture><source srcset=\"https:\/\/campingmeretmontagne.fr\/wp-content\/uploads\/2026\/03\/tennis-420x280.webp\" media=\"(max-width: 210px)\"><source srcset=\"https:\/\/campingmeretmontagne.fr\/wp-content\/uploads\/2026\/03\/tennis-850x567.webp\" media=\"(max-width: 420px)\"><source srcset=\"https:\/\/campingmeretmontagne.fr\/wp-content\/uploads\/2026\/03\/tennis-768x512.webp\" media=\"(max-width: 850px)\"><source srcset=\"https:\/\/campingmeretmontagne.fr\/wp-content\/uploads\/2026\/03\/tennis-1024x683.webp\" media=\"(max-width: 1024px)\"><source srcset=\"https:\/\/campingmeretmontagne.fr\/wp-content\/uploads\/2026\/03\/tennis.webp\" media=\"(min-width: 1025px)\"><img decoding=\"async\" src=\"https:\/\/campingmeretmontagne.fr\/wp-content\/uploads\/2026\/03\/tennis-420x280.webp\" width=\"420\" height=\"210\" loading=\"lazy\" alt=\"\" title=\"\"><\/picture><figcaption><strong>2<\/strong> Tennispl\u00e4tze<\/figcaption><\/figure><figure class=\"gallery__item fade-down coin-bg\"><picture><source srcset=\"https:\/\/campingmeretmontagne.fr\/wp-content\/uploads\/2026\/03\/crossfit-e1773147542247-413x420.webp\" media=\"(max-width: 210px)\"><source srcset=\"https:\/\/campingmeretmontagne.fr\/wp-content\/uploads\/2026\/03\/crossfit-e1773147542247-835x850.webp\" media=\"(max-width: 420px)\"><source srcset=\"https:\/\/campingmeretmontagne.fr\/wp-content\/uploads\/2026\/03\/crossfit-e1773147542247-768x782.webp\" media=\"(max-width: 850px)\"><source srcset=\"https:\/\/campingmeretmontagne.fr\/wp-content\/uploads\/2026\/03\/crossfit-e1773147542247-1006x1024.webp\" media=\"(max-width: 1024px)\"><source srcset=\"https:\/\/campingmeretmontagne.fr\/wp-content\/uploads\/2026\/03\/crossfit-e1773147542247.webp\" media=\"(min-width: 1025px)\"><img decoding=\"async\" src=\"https:\/\/campingmeretmontagne.fr\/wp-content\/uploads\/2026\/03\/crossfit-e1773147542247-413x420.webp\" width=\"420\" height=\"210\" loading=\"lazy\" alt=\"\" title=\"\"><\/picture><figcaption><strong>1<\/strong> Cross-Fit-Platz<\/figcaption><\/figure><\/div><\/div><div class=\"columns__item\"><p    >Vor Ort gibt es einen <strong>Multisportplatz<\/strong> (Fu\u00dfball, Basketball)<strong>, Beachvolleyball <\/strong><strong>, Tischtennis, 2 Tennispl\u00e4tze<\/strong> und einen beleuchteten <strong>Bouleplatz <\/strong>. In der Sommersaison organisiert das Animationsteam auch <strong>Sportturniere und Wettbewerbe<\/strong>: Fu\u00dfball, Basketball, Tischtennis, Beachvolleyball und P\u00e9tanque. <\/p><div class=\"lireplus fc-desk\"><p    >Lesen Sie mehr<\/p><div class=\"group\"><p    >F\u00fcr Kinder gibt es einen <strong>Spielplatz <\/strong>mit H\u00fctte und Rutsche. Es werden <strong>Wassergymnastik, <\/strong> <strong>Jogging <\/strong>, <strong>Cross Fit<\/strong> und <strong>Spiele im Pool<\/strong> angeboten. B\u00e4lle, Schl\u00e4ger und Ausr\u00fcstung k\u00f6nnen <strong>an der Rezeption ausgeliehen<\/strong> werden.  <\/p><\/div><\/div><div class=\"gallery f-carousel fc-diapo-mob\" data-fancybox=\"gallery-mob\"><figure class=\"gallery__item fade-right coin-hg\"><picture><source srcset=\"https:\/\/campingmeretmontagne.fr\/wp-content\/uploads\/2026\/03\/aire-de-jeux-420x315.webp\" media=\"(max-width: 210px)\"><source srcset=\"https:\/\/campingmeretmontagne.fr\/wp-content\/uploads\/2026\/03\/aire-de-jeux-850x638.webp\" media=\"(max-width: 420px)\"><source srcset=\"https:\/\/campingmeretmontagne.fr\/wp-content\/uploads\/2026\/03\/aire-de-jeux-768x576.webp\" media=\"(max-width: 850px)\"><source srcset=\"https:\/\/campingmeretmontagne.fr\/wp-content\/uploads\/2026\/03\/aire-de-jeux.webp\" media=\"(max-width: 1024px)\"><source srcset=\"https:\/\/campingmeretmontagne.fr\/wp-content\/uploads\/2026\/03\/aire-de-jeux.webp\" media=\"(min-width: 1025px)\"><img decoding=\"async\" src=\"https:\/\/campingmeretmontagne.fr\/wp-content\/uploads\/2026\/03\/aire-de-jeux-420x315.webp\" width=\"420\" height=\"210\" loading=\"lazy\" alt=\"\" title=\"\"><\/picture><figcaption><strong>1<\/strong> Spielplatz<\/figcaption><\/figure><figure class=\"gallery__item fade-down coin-hd coin-bg\"><picture><source srcset=\"https:\/\/campingmeretmontagne.fr\/wp-content\/uploads\/2026\/03\/terrain-multi-sport-420x315.webp\" media=\"(max-width: 210px)\"><source srcset=\"https:\/\/campingmeretmontagne.fr\/wp-content\/uploads\/2026\/03\/terrain-multi-sport-850x638.webp\" media=\"(max-width: 420px)\"><source srcset=\"https:\/\/campingmeretmontagne.fr\/wp-content\/uploads\/2026\/03\/terrain-multi-sport-768x576.webp\" media=\"(max-width: 850px)\"><source srcset=\"https:\/\/campingmeretmontagne.fr\/wp-content\/uploads\/2026\/03\/terrain-multi-sport.webp\" media=\"(max-width: 1024px)\"><source srcset=\"https:\/\/campingmeretmontagne.fr\/wp-content\/uploads\/2026\/03\/terrain-multi-sport.webp\" media=\"(min-width: 1025px)\"><img decoding=\"async\" src=\"https:\/\/campingmeretmontagne.fr\/wp-content\/uploads\/2026\/03\/terrain-multi-sport-420x315.webp\" width=\"420\" height=\"210\" loading=\"lazy\" alt=\"\" title=\"\"><\/picture><figcaption><strong>1<\/strong> Multisportplatz<\/figcaption><\/figure><\/div><\/div><\/div><div class=\"columns sec-15 reverse-mob\"><div class=\"columns__item\"><div class=\"gallery grid\"><figure class=\"gallery__item coin-bg\"><picture><source srcset=\"https:\/\/campingmeretmontagne.fr\/wp-content\/uploads\/2026\/03\/soiree-420x280.webp\" media=\"(max-width: 210px)\"><source srcset=\"https:\/\/campingmeretmontagne.fr\/wp-content\/uploads\/2026\/03\/soiree.webp\" media=\"(max-width: 420px)\"><source srcset=\"https:\/\/campingmeretmontagne.fr\/wp-content\/uploads\/2026\/03\/soiree.webp\" media=\"(max-width: 850px)\"><source srcset=\"https:\/\/campingmeretmontagne.fr\/wp-content\/uploads\/2026\/03\/soiree.webp\" media=\"(max-width: 1024px)\"><source srcset=\"https:\/\/campingmeretmontagne.fr\/wp-content\/uploads\/2026\/03\/soiree.webp\" media=\"(min-width: 1025px)\"><img decoding=\"async\" src=\"https:\/\/campingmeretmontagne.fr\/wp-content\/uploads\/2026\/03\/soiree-420x280.webp\" width=\"420\" height=\"210\" loading=\"lazy\" alt=\"\" title=\"\"><\/picture><\/figure><figure class=\"gallery__item coin-bd\"><picture><source srcset=\"https:\/\/campingmeretmontagne.fr\/wp-content\/uploads\/2026\/03\/soiree-mousse-420x236.webp\" media=\"(max-width: 210px)\"><source srcset=\"https:\/\/campingmeretmontagne.fr\/wp-content\/uploads\/2026\/03\/soiree-mousse-850x478.webp\" media=\"(max-width: 420px)\"><source srcset=\"https:\/\/campingmeretmontagne.fr\/wp-content\/uploads\/2026\/03\/soiree-mousse-768x432.webp\" media=\"(max-width: 850px)\"><source srcset=\"https:\/\/campingmeretmontagne.fr\/wp-content\/uploads\/2026\/03\/soiree-mousse.webp\" media=\"(max-width: 1024px)\"><source srcset=\"https:\/\/campingmeretmontagne.fr\/wp-content\/uploads\/2026\/03\/soiree-mousse.webp\" media=\"(min-width: 1025px)\"><img decoding=\"async\" src=\"https:\/\/campingmeretmontagne.fr\/wp-content\/uploads\/2026\/03\/soiree-mousse-420x236.webp\" width=\"420\" height=\"210\" loading=\"lazy\" alt=\"\" title=\"\"><\/picture><\/figure><\/div><\/div><div class=\"columns__item\"><h2 class=\"retour\" style=\"color: var(--bleu);\">Abendunterhaltung <span class=\"fc-span\">auf dem Campingplatz Mer et Montagne<\/span><\/h2><p    >In Six-Fours-Les-Plages wird die Geselligkeit mit einem Abendprogramm fortgesetzt, das <strong> in der Sommersaison an 5 Abenden pro Woche<\/strong> stattfindet:<strong>Konzerte<\/strong>, <strong>Musikabende, Karaoke, Quiz, Themenabende oder Tanzabende<\/strong> bestimmen den Rhythmus der Sommern\u00e4chte. Lassen Sie sich auch zu einem <strong>n\u00e4chtlichen Bad im Pool<\/strong> unter den Sternen verf\u00fchren. <\/p><\/div><\/div>","protected":false},"excerpt":{"rendered":"<p>Der Kinderclub: ein Urlaub voller Lachen und Kreativit\u00e4t Auf dem Campingplatz Mer et Montagne in Six-Fours-les-Plages empf\u00e4ngt der Kinderclub w\u00e4hrend des Sommers Kinder von 3-6 Jahren und von 7-12 Jahren, um gemeinsam spielerische und kreative Momente zu erleben. Sportliche Aktivit\u00e4ten f\u00fcr die ganze Familie in Six-Fours-Les-Plages Vor Ort gibt es einen Multisportplatz (Fu\u00dfball, Basketball), Beachvolleyball [&hellip;]<\/p>\n","protected":false},"author":1,"featured_media":0,"parent":0,"menu_order":0,"comment_status":"closed","ping_status":"closed","template":"","meta":{"_acf_changed":false,"footnotes":""},"acf":[],"_links":{"self":[{"href":"https:\/\/campingmeretmontagne.fr\/de\/wp-json\/wp\/v2\/pages\/1406"}],"collection":[{"href":"https:\/\/campingmeretmontagne.fr\/de\/wp-json\/wp\/v2\/pages"}],"about":[{"href":"https:\/\/campingmeretmontagne.fr\/de\/wp-json\/wp\/v2\/types\/page"}],"author":[{"embeddable":true,"href":"https:\/\/campingmeretmontagne.fr\/de\/wp-json\/wp\/v2\/users\/1"}],"replies":[{"embeddable":true,"href":"https:\/\/campingmeretmontagne.fr\/de\/wp-json\/wp\/v2\/comments?post=1406"}],"version-history":[{"count":2,"href":"https:\/\/campingmeretmontagne.fr\/de\/wp-json\/wp\/v2\/pages\/1406\/revisions"}],"predecessor-version":[{"id":1618,"href":"https:\/\/campingmeretmontagne.fr\/de\/wp-json\/wp\/v2\/pages\/1406\/revisions\/1618"}],"wp:attachment":[{"href":"https:\/\/campingmeretmontagne.fr\/de\/wp-json\/wp\/v2\/media?parent=1406"}],"curies":[{"name":"wp","href":"https:\/\/api.w.org\/{rel}","templated":true}]}}