{"id":1403,"date":"2026-03-03T15:00:51","date_gmt":"2026-03-03T14:00:51","guid":{"rendered":"https:\/\/campingmeretmontagne.fr\/gruppen\/"},"modified":"2026-04-07T11:56:34","modified_gmt":"2026-04-07T09:56:34","slug":"gruppen","status":"publish","type":"page","link":"https:\/\/campingmeretmontagne.fr\/de\/gruppen\/","title":{"rendered":"Gruppen"},"content":{"rendered":"<div class=\"diaporama-header align-full\"><div class=\"gallery\"><figure class=\"gallery__item\"><picture><source srcset=\"https:\/\/campingmeretmontagne.fr\/wp-content\/uploads\/2026\/03\/header-groupes-420x315.webp\" media=\"(max-width: 210px)\"><source srcset=\"https:\/\/campingmeretmontagne.fr\/wp-content\/uploads\/2026\/03\/header-groupes-850x638.webp\" media=\"(max-width: 420px)\"><source srcset=\"https:\/\/campingmeretmontagne.fr\/wp-content\/uploads\/2026\/03\/header-groupes-768x576.webp\" media=\"(max-width: 850px)\"><source srcset=\"https:\/\/campingmeretmontagne.fr\/wp-content\/uploads\/2026\/03\/header-groupes-1024x768.webp\" media=\"(max-width: 1024px)\"><source srcset=\"https:\/\/campingmeretmontagne.fr\/wp-content\/uploads\/2026\/03\/header-groupes.webp\" media=\"(min-width: 1025px)\"><img loading=\"lazy\" decoding=\"async\" src=\"https:\/\/campingmeretmontagne.fr\/wp-content\/uploads\/2026\/03\/header-groupes-420x315.webp\" width=\"420\" height=\"210\" alt=\"\" title=\"\"><\/picture><\/figure><\/div><div class=\"diaporama-header__inner\"><\/div><\/div>\n\n<div class=\"columns reverse-mob\"><div class=\"columns__item\"><figure class=\"coin-hd coin-bg\"><picture><source srcset=\"https:\/\/campingmeretmontagne.fr\/wp-content\/uploads\/2026\/03\/groupes-420x280.webp\" media=\"(max-width: 210px)\"><source srcset=\"https:\/\/campingmeretmontagne.fr\/wp-content\/uploads\/2026\/03\/groupes-850x566.webp\" media=\"(max-width: 420px)\"><source srcset=\"https:\/\/campingmeretmontagne.fr\/wp-content\/uploads\/2026\/03\/groupes-768x512.webp\" media=\"(max-width: 850px)\"><source srcset=\"https:\/\/campingmeretmontagne.fr\/wp-content\/uploads\/2026\/03\/groupes-1024x682.webp\" media=\"(max-width: 1024px)\"><source srcset=\"https:\/\/campingmeretmontagne.fr\/wp-content\/uploads\/2026\/03\/groupes.webp\" media=\"(min-width: 1025px)\"><img decoding=\"async\" src=\"https:\/\/campingmeretmontagne.fr\/wp-content\/uploads\/2026\/03\/groupes-420x280.webp\" width=\"420\" height=\"210\" style=\"object-fit:cover;\" loading=\"lazy\" alt=\"\" title=\"\"><\/picture><\/figure><\/div><div class=\"columns__item\"><h1 class=\"titre-xl span-bold\" style=\"color: var(--vert);\">Gruppenaufenthalte <span class=\"fc-span\">in Var<\/span><\/h1><ul><li><strong>Aufenthalt in : <\/strong>Entdeckung des Var\n<\/li><li><strong>Formel: <\/strong>6 Tage \/ 5 N\u00e4chte &#8211; Vollpension\n<\/li><li><strong>Zeitraum: <\/strong>Mai, Juni, September und Oktober\n<\/li><li><strong>Gruppe: <\/strong> mindestens 20 Personen\n<\/li><\/ul><div class=\"lireplus fc-mob\"><p    >Lesen Sie mehr<\/p><div class=\"group\"><p    ><strong>Ihr Wohlbefinden:<\/strong> Der Erfolg Ihres Urlaubs ist ein Gesamtpaket. Wir legen besonderen Wert auf den Komfort und die Hygiene in unseren Unterk\u00fcnften, damit sie tadellos sind. Im Bereich der Verpflegung gehen wir davon aus, dass <strong>&#8222;gutes Essen&#8220;<\/strong> sowohl ein Vergn\u00fcgen ist, das man teilen sollte, als auch eine Notwendigkeit, um Ihre Aktivit\u00e4ten in vollen Z\u00fcgen genie\u00dfen zu k\u00f6nnen, und wir achten darauf, Ihnen <strong>appetitliche und abwechslungsreiche Men\u00fcs<\/strong> anzubieten.  <\/p><p    >F\u00fcr weitere Informationen zu den Tarifen kontaktieren Sie uns bitte per E-Mail.<\/p><\/div><\/div><\/div><\/div>\n\n<div class=\"group\"><h2 class=\"titre-xl span-bold\" style=\"text-align: center;color: var(--bleu);\">Campingplatz <span class=\"fc-span\">zwischen Meer und Wald<\/span><\/h2><p class=\"mini center\" style=\"text-align: center;\"  >Der Campingplatz Mer et Montagne liegt auf den H\u00f6hen von <strong>Six-Fours-les-Plages<\/strong>, zwischen <strong>Bandol<\/strong> und <strong>Toulon<\/strong>. Er empf\u00e4ngt Sie in einer gr\u00fcnen Umgebung von 3 Hektar, in <strong>der N\u00e4he des Meeres<\/strong>, des Waldes und der Gesch\u00e4fte.<\/p><div class=\"lireplus fc-mob\"><p class=\"center\" style=\"text-align: center;\"  >Lesen Sie mehr<\/p><div class=\"group\"><p class=\"mini center\" style=\"text-align: center;\"  >Dieser Familiencampingplatz bietet eine<strong> freundliche Atmosph\u00e4re<\/strong> und hochwertige Unterk\u00fcnfte f\u00fcr einen <strong>gelungenen Urlaub<\/strong> mit der Familie oder mit Freunden. Nachfolgend finden Sie ein Beispiel f\u00fcr ein Programm (\u00c4nderungen vorbehalten). <\/p><\/div><\/div>\n<div style=\"height:3rem\" aria-hidden=\"true\" class=\"wp-block-spacer\"><\/div>\n<h2 class=\"titre-xl span-bold\" style=\"text-align: center;color: var(--bleu);\">Urlaubsideen<\/h2><h3 style=\"text-align: center;color: var(--vert);\"><strong>Aufenthalt 6 Tage\/5 N\u00e4chte<\/strong><\/h3><p class=\"center\" style=\"text-align: center;\"  ><strong>Preis:<\/strong> 500 Euro\/Person (Transport nicht inbegriffen)<br><em>Auf der Grundlage einer Gruppe von mindestens 20 Erwachsenen<\/em><\/p><div class=\"columns col-3 groupes f-carousel fc-diapo\"><div class=\"columns__item\" style=\"align-self:stretch;\"><p class=\"h3 center\" style=\"text-align: center;color: var(--bleu);\"  ><span class=\"fc-span\">1. Tag <\/span>:<br>Empfang am Ende des Tages<\/p><p class=\"message center\" style=\"text-align: center;\"  >Begr\u00fc\u00dfungscocktail, Pr\u00e4sentation des Aufenthalts, Abendessen.<\/p><\/div><div class=\"columns__item\" style=\"align-self:stretch;\"><p class=\"h3 center\" style=\"text-align: center;color: var(--bleu);\"  ><span class=\"fc-span\">2. Tag<\/span>:<br>Porquerolles<\/p><p    >Gef\u00fchrte Besichtigung &#8222;Porquerolles c\u00f4t\u00e9 culture&#8220;, Mittagessen im<br>Restaurant. Danach haben Sie den Nachmittag zur freien Verf\u00fcgung, um die Insel zu erkunden.<br>Abendessen im Club-Resort &#8222;Mer et Montagne&#8220;. <\/p><\/div><div class=\"columns__item\" style=\"align-self:stretch;\"><p class=\"h3 center\" style=\"text-align: center;color: var(--bleu);\"  ><span class=\"fc-span\">Tag 3<\/span>:<br>Markt von Sanary sur Mer<\/p><p    >Mittagessen im Club-Resort &#8222;Mer et Montagne&#8220; und<br>Nachmittag zur freien Verf\u00fcgung.<br>Abendessen im Club-Resort &#8222;Mer et Montagne&#8220;.<\/p><\/div><div class=\"columns__item\" style=\"align-self:stretch;\"><p class=\"h3 center\" style=\"text-align: center;color: var(--bleu);\"  ><span class=\"fc-span\">4. Tag <\/span>: <br>Presqu&#8217;il du Gaou<\/p><p    >Vormittags Entdeckung der Gaou-Halbinsel, dann Mittagessen im Restaurant.<br>Nachmittags Bootsfahrt durch die 13 Calanques<br>Abendessen im Club-Resort Mer et Montagne.<\/p><\/div><div class=\"columns__item\" style=\"align-self:stretch;\"><p class=\"h3 center\" style=\"text-align: center;color: var(--bleu);\"  ><span class=\"fc-span\">5. Tag<\/span>:<br>Marseille<\/p><p    >Morgens entdecken Sie die Stadt Marseille mit dem kleinen Zug, dann Mittagessen im<br>Restaurant.<br>Nachmittags Besuch der Grotte von Cosquer.<br>Abendessen im Club-Resort &#8222;Mer et Montagne&#8220;.<\/p><\/div><div class=\"columns__item\" style=\"align-self:stretch;\"><p class=\"h3 center\" style=\"text-align: center;color: var(--bleu);\"  ><span class=\"fc-span\">6. Tag<\/span>:<br>Abreise&#8230;<\/p><p class=\"message center\" style=\"text-align: center;\"  >Fr\u00fchst\u00fcck und Abreise.<\/p><\/div><\/div><h3 style=\"text-align: center;color: var(--vert);\"><strong>6 Tage\/5 N\u00e4chte mit Vollpension<\/strong><\/h3><p class=\"center\" style=\"text-align: center;\"  ><strong>Preis:<\/strong> 500 Euro\/Person (Transport nicht inbegriffen)<br><em>Auf der Grundlage einer Gruppe von mindestens 20 Erwachsenen<\/em><\/p><div class=\"columns col-3 groupes margin-bottom-1 f-carousel fc-diapo\"><div class=\"columns__item\" style=\"align-self:stretch;\"><p class=\"h3 center\" style=\"text-align: center;color: var(--bleu);\"  ><span class=\"fc-span\">1. Tag <\/span>:<br>Empfang am Ende des Tages<\/p><p class=\"message center\" style=\"text-align: center;\"  >Begr\u00fc\u00dfungscocktail, Pr\u00e4sentation des Aufenthalts, Abendessen.<\/p><\/div><div class=\"columns__item\" style=\"align-self:stretch;\"><p class=\"h3 center\" style=\"text-align: center;color: var(--bleu);\"  ><span class=\"fc-span\">2. Tag<\/span>:<br>Bormes Les Mimosas<\/p><p    >Besichtigung von Bormes Les Mimosas, Mittagessen im Restaurant und anschlie\u00dfend Besuch des Salin des Pesquiers &#8222;Geschichte des Salzes&#8220;.<\/p><\/div><div class=\"columns__item\" style=\"align-self:stretch;\"><p class=\"h3 center\" style=\"text-align: center;color: var(--bleu);\"  ><span class=\"fc-span\">3. Tag<\/span>:<br>Das Museum MUCEM<\/p><p    >Marseille: Das Museum MUCEM, Mittagessen in einem Restaurant und anschlie\u00dfend Besuch des Alten Hafens von Marseille.<\/p><\/div><div class=\"columns__item\" style=\"align-self:stretch;\"><p class=\"h3 center\" style=\"text-align: center;color: var(--bleu);\"  ><span class=\"fc-span\">4. Tag <\/span>: <br>Tag auf dem Campingplatz<\/p><p    >Tag auf dem Campingplatz Petanque Schwimmbad<br>Mittagessen im Dorf und freier Nachmittag (oder umgekehrt)<br>An diesem Tag ist kein Bus erforderlich.<\/p><\/div><div class=\"columns__item\" style=\"align-self:stretch;\"><p class=\"h3 center\" style=\"text-align: center;color: var(--bleu);\"  ><span class=\"fc-span\">5. Tag<\/span>:<br>Embiez<\/p><p    >Tagesausflug nach Les Embiez mit Essen im Restaurant<br>Besichtigung, kleiner Zug&#8230; (siehe Verhandlungen, Mehrkosten einplanen) Paul Ricard<\/p><\/div><div class=\"columns__item\" style=\"align-self:stretch;\"><p class=\"h3 center\" style=\"text-align: center;color: var(--bleu);\"  ><span class=\"fc-span\">6. Tag<\/span>:<br>Abreise&#8230;<\/p><p class=\"message center\" style=\"text-align: center;\"  >Abreise nach dem Fr\u00fchst\u00fcck<\/p><\/div><\/div><p class=\"center\" style=\"text-align: center;\"  >Der Zeitplan kann sich je nach Referenten und externen Buchungen \u00e4ndern. <\/p><\/div>","protected":false},"excerpt":{"rendered":"<p>Gruppenaufenthalte in Var Campingplatz zwischen Meer und Wald Der Campingplatz Mer et Montagne liegt auf den H\u00f6hen von Six-Fours-les-Plages, zwischen Bandol und Toulon. Er empf\u00e4ngt Sie in einer gr\u00fcnen Umgebung von 3 Hektar, in der N\u00e4he des Meeres, des Waldes und der Gesch\u00e4fte. Urlaubsideen Aufenthalt 6 Tage\/5 N\u00e4chte Preis: 500 Euro\/Person (Transport nicht inbegriffen)Auf der [&hellip;]<\/p>\n","protected":false},"author":1,"featured_media":0,"parent":0,"menu_order":0,"comment_status":"closed","ping_status":"closed","template":"","meta":{"_acf_changed":false,"footnotes":""},"acf":[],"_links":{"self":[{"href":"https:\/\/campingmeretmontagne.fr\/de\/wp-json\/wp\/v2\/pages\/1403"}],"collection":[{"href":"https:\/\/campingmeretmontagne.fr\/de\/wp-json\/wp\/v2\/pages"}],"about":[{"href":"https:\/\/campingmeretmontagne.fr\/de\/wp-json\/wp\/v2\/types\/page"}],"author":[{"embeddable":true,"href":"https:\/\/campingmeretmontagne.fr\/de\/wp-json\/wp\/v2\/users\/1"}],"replies":[{"embeddable":true,"href":"https:\/\/campingmeretmontagne.fr\/de\/wp-json\/wp\/v2\/comments?post=1403"}],"version-history":[{"count":2,"href":"https:\/\/campingmeretmontagne.fr\/de\/wp-json\/wp\/v2\/pages\/1403\/revisions"}],"predecessor-version":[{"id":1621,"href":"https:\/\/campingmeretmontagne.fr\/de\/wp-json\/wp\/v2\/pages\/1403\/revisions\/1621"}],"wp:attachment":[{"href":"https:\/\/campingmeretmontagne.fr\/de\/wp-json\/wp\/v2\/media?parent=1403"}],"curies":[{"name":"wp","href":"https:\/\/api.w.org\/{rel}","templated":true}]}}