{"id":1398,"date":"2026-03-03T15:01:11","date_gmt":"2026-03-03T14:01:11","guid":{"rendered":"https:\/\/campingmeretmontagne.fr\/swimmingpool\/"},"modified":"2026-03-31T11:21:27","modified_gmt":"2026-03-31T09:21:27","slug":"swimmingpool","status":"publish","type":"page","link":"https:\/\/campingmeretmontagne.fr\/de\/swimmingpool\/","title":{"rendered":"Swimmingpool"},"content":{"rendered":"<div class=\"diaporama-header align-full\"><div class=\"gallery\"><figure class=\"gallery__item\"><picture><source srcset=\"https:\/\/campingmeretmontagne.fr\/wp-content\/uploads\/2026\/03\/header-piscine-420x236.webp\" media=\"(max-width: 210px)\"><source srcset=\"https:\/\/campingmeretmontagne.fr\/wp-content\/uploads\/2026\/03\/header-piscine-850x478.webp\" media=\"(max-width: 420px)\"><source srcset=\"https:\/\/campingmeretmontagne.fr\/wp-content\/uploads\/2026\/03\/header-piscine-768x432.webp\" media=\"(max-width: 850px)\"><source srcset=\"https:\/\/campingmeretmontagne.fr\/wp-content\/uploads\/2026\/03\/header-piscine-1024x575.webp\" media=\"(max-width: 1024px)\"><source srcset=\"https:\/\/campingmeretmontagne.fr\/wp-content\/uploads\/2026\/03\/header-piscine.webp\" media=\"(min-width: 1025px)\"><img loading=\"lazy\" decoding=\"async\" src=\"https:\/\/campingmeretmontagne.fr\/wp-content\/uploads\/2026\/03\/header-piscine-420x236.webp\" width=\"420\" height=\"210\" alt=\"\" title=\"\"><\/picture><\/figure><\/div><div class=\"diaporama-header__inner\"><\/div><\/div>\n\n<div class=\"columns sec-15 reverse-mob\"><div class=\"columns__item\"><div class=\"gallery grid\"><figure class=\"gallery__item coin-bg\"><picture><source srcset=\"https:\/\/campingmeretmontagne.fr\/wp-content\/uploads\/2026\/03\/piscine-4-420x280.jpg.webp\" media=\"(max-width: 210px)\"><source srcset=\"https:\/\/campingmeretmontagne.fr\/wp-content\/uploads\/2026\/03\/piscine-4-850x566.jpg.webp\" media=\"(max-width: 420px)\"><source srcset=\"https:\/\/campingmeretmontagne.fr\/wp-content\/uploads\/2026\/03\/piscine-4-768x512.jpg.webp\" media=\"(max-width: 850px)\"><source srcset=\"https:\/\/campingmeretmontagne.fr\/wp-content\/uploads\/2026\/03\/piscine-4-1024x682.jpg.webp\" media=\"(max-width: 1024px)\"><source srcset=\"https:\/\/campingmeretmontagne.fr\/wp-content\/uploads\/2026\/03\/piscine-4.jpg.webp\" media=\"(min-width: 1025px)\"><img decoding=\"async\" src=\"https:\/\/campingmeretmontagne.fr\/wp-content\/uploads\/2026\/03\/piscine-4-420x280.jpg.webp\" width=\"420\" height=\"210\" loading=\"lazy\" alt=\"\" title=\"\"><\/picture><\/figure><figure class=\"gallery__item coin-bd\"><picture><source srcset=\"https:\/\/campingmeretmontagne.fr\/wp-content\/uploads\/2026\/03\/piscine-chauffee-315x420.webp\" media=\"(max-width: 210px)\"><source srcset=\"https:\/\/campingmeretmontagne.fr\/wp-content\/uploads\/2026\/03\/piscine-chauffee-638x850.webp\" media=\"(max-width: 420px)\"><source srcset=\"https:\/\/campingmeretmontagne.fr\/wp-content\/uploads\/2026\/03\/piscine-chauffee-768x1024.webp\" media=\"(max-width: 850px)\"><source srcset=\"https:\/\/campingmeretmontagne.fr\/wp-content\/uploads\/2026\/03\/piscine-chauffee-768x1024.webp\" media=\"(max-width: 1024px)\"><source srcset=\"https:\/\/campingmeretmontagne.fr\/wp-content\/uploads\/2026\/03\/piscine-chauffee.webp\" media=\"(min-width: 1025px)\"><img decoding=\"async\" src=\"https:\/\/campingmeretmontagne.fr\/wp-content\/uploads\/2026\/03\/piscine-chauffee-315x420.webp\" width=\"420\" height=\"210\" loading=\"lazy\" alt=\"\" title=\"\"><\/picture><\/figure><\/div><\/div><div class=\"columns__item\"><h1 class=\"retour\" style=\"color: var(--bleu);\">Ein beheizter Pool zur Erfrischung <span class=\"fc-span\">auf dem Campingplatz Mer et Montagne<\/span><\/h1><p    >Profitieren Sie von einem <strong>beheizten Au\u00dfenpool<\/strong>, der ideal ist, um sich zu erfrischen und sch\u00f6ne Momente w\u00e4hrend Ihres Urlaubs zu teilen. Der Pool ist <strong>vom 1. Mai bis zum 30. September<\/strong> beheizt, so dass Sie die ganze Saison \u00fcber Wasserspa\u00df genie\u00dfen k\u00f6nnen. <\/p><div class=\"lireplus fc-mob\"><p    >Lesen Sie mehr<\/p><div class=\"group\"><p    >Die Kleinen k\u00f6nnen sich im <strong>Kinderbecken<\/strong> vergn\u00fcgen, w\u00e4hrend die Erwachsenen unter der s\u00fcdlichen Sonne baden oder sich entspannen.<\/p><\/div><\/div><div class=\"buttons display-flex \" style=\"justify-content:left;\"><span class=\"buttons__btn btn-resa\" style=\"text-align:center;\">Ich buche meinen Aufenthalt<\/span><\/div><\/div><\/div>\n\n<div class=\"columns sec-30\"><div class=\"columns__item hide-mob\"><div class=\"gallery\"><figure class=\"gallery__item fade-left coin-bg\"><picture><source srcset=\"https:\/\/campingmeretmontagne.fr\/wp-content\/uploads\/2026\/03\/piscine-bis-420x194.jpg.webp\" media=\"(max-width: 210px)\"><source srcset=\"https:\/\/campingmeretmontagne.fr\/wp-content\/uploads\/2026\/03\/piscine-bis-850x392.jpg.webp\" media=\"(max-width: 420px)\"><source srcset=\"https:\/\/campingmeretmontagne.fr\/wp-content\/uploads\/2026\/03\/piscine-bis-768x355.jpg.webp\" media=\"(max-width: 850px)\"><source srcset=\"https:\/\/campingmeretmontagne.fr\/wp-content\/uploads\/2026\/03\/piscine-bis-1024x473.jpg.webp\" media=\"(max-width: 1024px)\"><source srcset=\"https:\/\/campingmeretmontagne.fr\/wp-content\/uploads\/2026\/03\/piscine-bis.jpg.webp\" media=\"(min-width: 1025px)\"><img decoding=\"async\" src=\"https:\/\/campingmeretmontagne.fr\/wp-content\/uploads\/2026\/03\/piscine-bis-420x194.jpg.webp\" width=\"420\" height=\"210\" loading=\"lazy\" alt=\"\" title=\"\"><\/picture><\/figure><\/div><\/div><div class=\"columns__item\" style=\"align-self:center;\"><h2 style=\"color: var(--vert);\">Eine Infrastruktur, die auf Ihren <span class=\"fc-span\">Komfort ausgerichtet ist<\/span><\/h2><p    >Der Campingplatz bietet einen <strong>beheizten Swimmingpool<\/strong> und ein <strong>gesichertes Planschbecken<\/strong>, die f\u00fcr die ganze Familie geeignet sind. Um den Badekomfort zu gew\u00e4hrleisten, <strong>ist das Tragen von Badekleidung Pflicht und Badeshorts sind nicht erlaubt.<\/strong> <\/p><div class=\"lireplus fc-mob\"><p    >Lesen Sie mehr<\/p><div class=\"group\"><p    >Um den Pool herum <strong>stehen au\u00dferhalb der Hochsaison Liegest\u00fchle zur Verf\u00fcgung<\/strong>, die perfekt sind, um sich zu entspannen und die Atmosph\u00e4re des Campingplatzes zu genie\u00dfen.<\/p><\/div><\/div><\/div><div class=\"columns__item\" style=\"align-self:flex-end;\"><div class=\"gallery\"><figure class=\"gallery__item fade-right coin-bd\"><picture><source srcset=\"https:\/\/campingmeretmontagne.fr\/wp-content\/uploads\/2026\/03\/enfant_piscine-420x272.webp\" media=\"(max-width: 210px)\"><source srcset=\"https:\/\/campingmeretmontagne.fr\/wp-content\/uploads\/2026\/03\/enfant_piscine-850x551.webp\" media=\"(max-width: 420px)\"><source srcset=\"https:\/\/campingmeretmontagne.fr\/wp-content\/uploads\/2026\/03\/enfant_piscine-768x498.webp\" media=\"(max-width: 850px)\"><source srcset=\"https:\/\/campingmeretmontagne.fr\/wp-content\/uploads\/2026\/03\/enfant_piscine-1024x664.webp\" media=\"(max-width: 1024px)\"><source srcset=\"https:\/\/campingmeretmontagne.fr\/wp-content\/uploads\/2026\/03\/enfant_piscine.webp\" media=\"(min-width: 1025px)\"><img decoding=\"async\" src=\"https:\/\/campingmeretmontagne.fr\/wp-content\/uploads\/2026\/03\/enfant_piscine-420x272.webp\" width=\"420\" height=\"210\" loading=\"lazy\" alt=\"\" title=\"\"><\/picture><\/figure><\/div><\/div><\/div>\n\n<div class=\"columns reverse-mob\"><div class=\"columns__item\"><div class=\"gallery grid\"><figure class=\"gallery__item coin-hg coin-bd\"><picture><source srcset=\"https:\/\/campingmeretmontagne.fr\/wp-content\/uploads\/2026\/03\/piscine-nocturne-420x280.jpg.webp\" media=\"(max-width: 210px)\"><source srcset=\"https:\/\/campingmeretmontagne.fr\/wp-content\/uploads\/2026\/03\/piscine-nocturne-850x567.jpg.webp\" media=\"(max-width: 420px)\"><source srcset=\"https:\/\/campingmeretmontagne.fr\/wp-content\/uploads\/2026\/03\/piscine-nocturne-768x512.jpg.webp\" media=\"(max-width: 850px)\"><source srcset=\"https:\/\/campingmeretmontagne.fr\/wp-content\/uploads\/2026\/03\/piscine-nocturne-1024x683.jpg.webp\" media=\"(max-width: 1024px)\"><source srcset=\"https:\/\/campingmeretmontagne.fr\/wp-content\/uploads\/2026\/03\/piscine-nocturne.jpg.webp\" media=\"(min-width: 1025px)\"><img decoding=\"async\" src=\"https:\/\/campingmeretmontagne.fr\/wp-content\/uploads\/2026\/03\/piscine-nocturne-420x280.jpg.webp\" width=\"420\" height=\"210\" loading=\"lazy\" alt=\"\" title=\"\"><\/picture><\/figure><\/div><\/div><div class=\"columns__item\" style=\"align-self:flex-start;\"><h2 style=\"color: var(--bleu);\">Entspannung und Vergn\u00fcgen <span class=\"fc-span\">rund um das Wasser<\/span><\/h2><p    >Der <strong>Pool des Campingplatzes<\/strong> ist ein Ort der <strong>Entspannung und Geselligkeit<\/strong> w\u00e4hrend Ihres Aufenthalts. Zwischen erfrischendem Schwimmen, Wasserspielen f\u00fcr die Kinder und entspannenden Momenten in der Sonne findet hier jeder seinen eigenen Rhythmus. <\/p><div class=\"lireplus fc-mob\"><p    >Lesen Sie mehr<\/p><div class=\"group\"><p    >Dies ist der ideale Ort, um die Urlaubsatmosph\u00e4re zu genie\u00dfen und einen <strong>Campingplatz mit Schwimmbad in Six-Fours-les-Plages<\/strong>, zwischen Meer und Natur, zu erleben.<\/p><\/div><\/div><\/div><\/div>","protected":false},"excerpt":{"rendered":"<p>Ein beheizter Pool zur Erfrischung auf dem Campingplatz Mer et Montagne Profitieren Sie von einem beheizten Au\u00dfenpool, der ideal ist, um sich zu erfrischen und sch\u00f6ne Momente w\u00e4hrend Ihres Urlaubs zu teilen. Der Pool ist vom 1. Mai bis zum 30. September beheizt, so dass Sie die ganze Saison \u00fcber Wasserspa\u00df genie\u00dfen k\u00f6nnen. Eine Infrastruktur, [&hellip;]<\/p>\n","protected":false},"author":1,"featured_media":0,"parent":0,"menu_order":0,"comment_status":"closed","ping_status":"closed","template":"","meta":{"_acf_changed":false,"footnotes":""},"acf":[],"_links":{"self":[{"href":"https:\/\/campingmeretmontagne.fr\/de\/wp-json\/wp\/v2\/pages\/1398"}],"collection":[{"href":"https:\/\/campingmeretmontagne.fr\/de\/wp-json\/wp\/v2\/pages"}],"about":[{"href":"https:\/\/campingmeretmontagne.fr\/de\/wp-json\/wp\/v2\/types\/page"}],"author":[{"embeddable":true,"href":"https:\/\/campingmeretmontagne.fr\/de\/wp-json\/wp\/v2\/users\/1"}],"replies":[{"embeddable":true,"href":"https:\/\/campingmeretmontagne.fr\/de\/wp-json\/wp\/v2\/comments?post=1398"}],"version-history":[{"count":4,"href":"https:\/\/campingmeretmontagne.fr\/de\/wp-json\/wp\/v2\/pages\/1398\/revisions"}],"predecessor-version":[{"id":1555,"href":"https:\/\/campingmeretmontagne.fr\/de\/wp-json\/wp\/v2\/pages\/1398\/revisions\/1555"}],"wp:attachment":[{"href":"https:\/\/campingmeretmontagne.fr\/de\/wp-json\/wp\/v2\/media?parent=1398"}],"curies":[{"name":"wp","href":"https:\/\/api.w.org\/{rel}","templated":true}]}}