{"id":1388,"date":"2026-03-03T15:00:42","date_gmt":"2026-03-03T14:00:42","guid":{"rendered":"https:\/\/campingmeretmontagne.fr\/plaetze\/"},"modified":"2026-04-02T10:03:16","modified_gmt":"2026-04-02T08:03:16","slug":"plaetze","status":"publish","type":"page","link":"https:\/\/campingmeretmontagne.fr\/de\/plaetze\/","title":{"rendered":"Pl\u00e4tze"},"content":{"rendered":"<div class=\"diaporama-header align-full\"><div class=\"gallery\"><figure class=\"gallery__item\"><picture><source srcset=\"https:\/\/campingmeretmontagne.fr\/wp-content\/uploads\/2026\/03\/emplacement-header-420x280.webp\" media=\"(max-width: 210px)\"><source srcset=\"https:\/\/campingmeretmontagne.fr\/wp-content\/uploads\/2026\/03\/emplacement-header-850x567.webp\" media=\"(max-width: 420px)\"><source srcset=\"https:\/\/campingmeretmontagne.fr\/wp-content\/uploads\/2026\/03\/emplacement-header-768x512.webp\" media=\"(max-width: 850px)\"><source srcset=\"https:\/\/campingmeretmontagne.fr\/wp-content\/uploads\/2026\/03\/emplacement-header-1024x683.webp\" media=\"(max-width: 1024px)\"><source srcset=\"https:\/\/campingmeretmontagne.fr\/wp-content\/uploads\/2026\/03\/emplacement-header.webp\" media=\"(min-width: 1025px)\"><img loading=\"lazy\" decoding=\"async\" src=\"https:\/\/campingmeretmontagne.fr\/wp-content\/uploads\/2026\/03\/emplacement-header-420x280.webp\" width=\"420\" height=\"210\" alt=\"\" title=\"\"><\/picture><\/figure><\/div><div class=\"diaporama-header__inner\"><\/div><\/div><div class=\"columns sec-10\"><div class=\"columns__item flex-07\" style=\"align-self:flex-start;\"><h1 class=\"h2\" style=\"color: var(--vert);\">Stellpl\u00e4tze f\u00fcr Zelte, Wohnwagen oder Wohnmobile <span class=\"fc-span\">in Six-Fours-les-Plages<\/span><\/h1><div class=\"gallery hide-mob f-carousel fc-diapo-mob\" data-fancybox=\"gallery-mob\"><figure class=\"gallery__item fade-left coin-hd\"><picture><source srcset=\"https:\/\/campingmeretmontagne.fr\/wp-content\/uploads\/2026\/03\/emplacement-420x315.webp\" media=\"(max-width: 210px)\"><source srcset=\"https:\/\/campingmeretmontagne.fr\/wp-content\/uploads\/2026\/03\/emplacement.webp\" media=\"(max-width: 420px)\"><source srcset=\"https:\/\/campingmeretmontagne.fr\/wp-content\/uploads\/2026\/03\/emplacement-768x576.webp\" media=\"(max-width: 850px)\"><source srcset=\"https:\/\/campingmeretmontagne.fr\/wp-content\/uploads\/2026\/03\/emplacement.webp\" media=\"(max-width: 1024px)\"><source srcset=\"https:\/\/campingmeretmontagne.fr\/wp-content\/uploads\/2026\/03\/emplacement.webp\" media=\"(min-width: 1025px)\"><img decoding=\"async\" src=\"https:\/\/campingmeretmontagne.fr\/wp-content\/uploads\/2026\/03\/emplacement-420x315.webp\" width=\"420\" height=\"210\" loading=\"lazy\" alt=\"\" title=\"\"><\/picture><\/figure><\/div><\/div><div class=\"columns__item\"><p    >Auf dem <strong>Campingplatz Mer et Montagne<\/strong> k\u00f6nnen Sie von <strong>80 bis 100 m\u00b2<\/strong> gro\u00dfen, nummerierten und durch B\u00e4ume oder Hecken abgegrenzten Stellpl\u00e4tzen profitieren. Diese Parzellen bieten Platz f\u00fcr <strong>Zelte, Wohnwagen und Wohnmobile<\/strong> in einer angenehmen und schattigen Umgebung.<\/p><div class=\"lireplus fc-mob\"><p    >Lesen Sie mehr<\/p><div class=\"group\"><p    >Jeder Stellplatz verf\u00fcgt \u00fcber einen <strong>16A Stromanschluss<\/strong> (europ\u00e4ischer Stecker, nicht im Lieferumfang enthalten) und eine <strong>Wasserstelle in der N\u00e4he<\/strong>. Ihr Fahrzeug kann direkt auf Ihrem Stellplatz geparkt werden.<\/p><\/div><\/div><div class=\"buttons display-flex \" style=\"justify-content:right;\"><span class=\"buttons__btn btn-resa-empl is-style-1\" style=\"text-align:center;\">Ich buche meinen Aufenthalt<\/span><\/div><div class=\"gallery f-carousel fc-diapo-mob\" data-fancybox=\"gallery-mob\"><figure class=\"gallery__item fade-down coin-hd coin-bg\"><picture><source srcset=\"https:\/\/campingmeretmontagne.fr\/wp-content\/uploads\/2026\/03\/emplacement-nu-420x280.webp\" media=\"(max-width: 210px)\"><source srcset=\"https:\/\/campingmeretmontagne.fr\/wp-content\/uploads\/2026\/03\/emplacement-nu.webp\" media=\"(max-width: 420px)\"><source srcset=\"https:\/\/campingmeretmontagne.fr\/wp-content\/uploads\/2026\/03\/emplacement-nu-768x512.webp\" media=\"(max-width: 850px)\"><source srcset=\"https:\/\/campingmeretmontagne.fr\/wp-content\/uploads\/2026\/03\/emplacement-nu.webp\" media=\"(max-width: 1024px)\"><source srcset=\"https:\/\/campingmeretmontagne.fr\/wp-content\/uploads\/2026\/03\/emplacement-nu.webp\" media=\"(min-width: 1025px)\"><img decoding=\"async\" src=\"https:\/\/campingmeretmontagne.fr\/wp-content\/uploads\/2026\/03\/emplacement-nu-420x280.webp\" width=\"420\" height=\"210\" loading=\"lazy\" alt=\"\" title=\"\"><\/picture><\/figure><\/div><\/div><\/div><div class=\"columns sec-30\"><div class=\"columns__item hide-mob\"><div class=\"gallery\"><figure class=\"gallery__item fade-left coin-bg\"><picture><source srcset=\"https:\/\/campingmeretmontagne.fr\/wp-content\/uploads\/2026\/03\/douche-420x280.webp\" media=\"(max-width: 210px)\"><source srcset=\"https:\/\/campingmeretmontagne.fr\/wp-content\/uploads\/2026\/03\/douche-850x566.webp\" media=\"(max-width: 420px)\"><source srcset=\"https:\/\/campingmeretmontagne.fr\/wp-content\/uploads\/2026\/03\/douche-768x512.webp\" media=\"(max-width: 850px)\"><source srcset=\"https:\/\/campingmeretmontagne.fr\/wp-content\/uploads\/2026\/03\/douche-1024x682.webp\" media=\"(max-width: 1024px)\"><source srcset=\"https:\/\/campingmeretmontagne.fr\/wp-content\/uploads\/2026\/03\/douche.webp\" media=\"(min-width: 1025px)\"><img decoding=\"async\" src=\"https:\/\/campingmeretmontagne.fr\/wp-content\/uploads\/2026\/03\/douche-420x280.webp\" width=\"420\" height=\"210\" loading=\"lazy\" alt=\"\" title=\"\"><\/picture><\/figure><\/div><\/div><div class=\"columns__item\" style=\"align-self:center;\"><h2 style=\"color: var(--bleu);\">Praktische Dienstleistungen f\u00fcr einen Aufenthalt <span class=\"fc-span\">am Stellplatz<\/span><\/h2><p    >F\u00fcr Ihren t\u00e4glichen Komfort stellt der Campingplatz einen <strong>funktionellen Sanit\u00e4rblock<\/strong> mit WC, Duschen, Wickeltisch und Geschirrsp\u00fclbecken zur Verf\u00fcgung.<\/p><div class=\"lireplus fc-mob\"><p    >Lesen Sie mehr<\/p><div class=\"group\"><p    >Ein Waschsalon, <strong>der 24 Stunden am Tag und 7 Tage die Woche ge\u00f6ffnet<\/strong> ist, steht Ihnen ebenfalls zur Verf\u00fcgung. Die Waschmaschine ist \u00fcber ein M\u00fcnzsystem mit Waschmittel zug\u00e4nglich. Praktische Dienstleistungen, die Ihren <strong>Aufenthalt im Departement Var<\/strong> noch angenehmer machen.<\/p><\/div><\/div><\/div><div class=\"columns__item\" style=\"align-self:flex-end;\"><div class=\"gallery\"><figure class=\"gallery__item fade-right coin-bd\"><picture><source srcset=\"https:\/\/campingmeretmontagne.fr\/wp-content\/uploads\/2026\/03\/laverie-420x280.webp\" media=\"(max-width: 210px)\"><source srcset=\"https:\/\/campingmeretmontagne.fr\/wp-content\/uploads\/2026\/03\/laverie-850x566.webp\" media=\"(max-width: 420px)\"><source srcset=\"https:\/\/campingmeretmontagne.fr\/wp-content\/uploads\/2026\/03\/laverie-768x512.webp\" media=\"(max-width: 850px)\"><source srcset=\"https:\/\/campingmeretmontagne.fr\/wp-content\/uploads\/2026\/03\/laverie-1024x682.webp\" media=\"(max-width: 1024px)\"><source srcset=\"https:\/\/campingmeretmontagne.fr\/wp-content\/uploads\/2026\/03\/laverie.webp\" media=\"(min-width: 1025px)\"><img decoding=\"async\" src=\"https:\/\/campingmeretmontagne.fr\/wp-content\/uploads\/2026\/03\/laverie-420x280.webp\" width=\"420\" height=\"210\" loading=\"lazy\" alt=\"\" title=\"\"><\/picture><\/figure><\/div><\/div><\/div>","protected":false},"excerpt":{"rendered":"<p>Stellpl\u00e4tze f\u00fcr Zelte, Wohnwagen oder Wohnmobile in Six-Fours-les-Plages Auf dem Campingplatz Mer et Montagne k\u00f6nnen Sie von 80 bis 100 m\u00b2 gro\u00dfen, nummerierten und durch B\u00e4ume oder Hecken abgegrenzten Stellpl\u00e4tzen profitieren. Diese Parzellen bieten Platz f\u00fcr Zelte, Wohnwagen und Wohnmobile in einer angenehmen und schattigen Umgebung. Praktische Dienstleistungen f\u00fcr einen Aufenthalt am Stellplatz F\u00fcr Ihren [&hellip;]<\/p>\n","protected":false},"author":1,"featured_media":0,"parent":0,"menu_order":0,"comment_status":"closed","ping_status":"closed","template":"","meta":{"_acf_changed":false,"footnotes":""},"acf":[],"_links":{"self":[{"href":"https:\/\/campingmeretmontagne.fr\/de\/wp-json\/wp\/v2\/pages\/1388"}],"collection":[{"href":"https:\/\/campingmeretmontagne.fr\/de\/wp-json\/wp\/v2\/pages"}],"about":[{"href":"https:\/\/campingmeretmontagne.fr\/de\/wp-json\/wp\/v2\/types\/page"}],"author":[{"embeddable":true,"href":"https:\/\/campingmeretmontagne.fr\/de\/wp-json\/wp\/v2\/users\/1"}],"replies":[{"embeddable":true,"href":"https:\/\/campingmeretmontagne.fr\/de\/wp-json\/wp\/v2\/comments?post=1388"}],"version-history":[{"count":4,"href":"https:\/\/campingmeretmontagne.fr\/de\/wp-json\/wp\/v2\/pages\/1388\/revisions"}],"predecessor-version":[{"id":1610,"href":"https:\/\/campingmeretmontagne.fr\/de\/wp-json\/wp\/v2\/pages\/1388\/revisions\/1610"}],"wp:attachment":[{"href":"https:\/\/campingmeretmontagne.fr\/de\/wp-json\/wp\/v2\/media?parent=1388"}],"curies":[{"name":"wp","href":"https:\/\/api.w.org\/{rel}","templated":true}]}}