{"id":1384,"date":"2026-03-03T15:01:22","date_gmt":"2026-03-03T14:01:22","guid":{"rendered":"https:\/\/campingmeretmontagne.fr\/dienste\/"},"modified":"2026-03-31T11:22:07","modified_gmt":"2026-03-31T09:22:07","slug":"dienste","status":"publish","type":"page","link":"https:\/\/campingmeretmontagne.fr\/de\/dienste\/","title":{"rendered":"Dienste"},"content":{"rendered":"<div class=\"diaporama-header align-full\"><div class=\"gallery\"><figure class=\"gallery__item\"><picture><source srcset=\"https:\/\/campingmeretmontagne.fr\/wp-content\/uploads\/2026\/03\/header-service-420x236.jpeg.webp\" media=\"(max-width: 210px)\"><source srcset=\"https:\/\/campingmeretmontagne.fr\/wp-content\/uploads\/2026\/03\/header-service-850x478.jpeg.webp\" media=\"(max-width: 420px)\"><source srcset=\"https:\/\/campingmeretmontagne.fr\/wp-content\/uploads\/2026\/03\/header-service-768x432.jpeg.webp\" media=\"(max-width: 850px)\"><source srcset=\"https:\/\/campingmeretmontagne.fr\/wp-content\/uploads\/2026\/03\/header-service-1024x576.jpeg.webp\" media=\"(max-width: 1024px)\"><source srcset=\"https:\/\/campingmeretmontagne.fr\/wp-content\/uploads\/2026\/03\/header-service.jpeg.webp\" media=\"(min-width: 1025px)\"><img loading=\"lazy\" decoding=\"async\" src=\"https:\/\/campingmeretmontagne.fr\/wp-content\/uploads\/2026\/03\/header-service-420x236.jpeg.webp\" width=\"420\" height=\"210\" alt=\"\" title=\"\"><\/picture><\/figure><\/div><div class=\"diaporama-header__inner\"><\/div><\/div>\n\n<div class=\"columns reverse-mob\"><div class=\"columns__item\"><figure><picture><source srcset=\"https:\/\/campingmeretmontagne.fr\/wp-content\/uploads\/2026\/03\/snack-bar-420x315.webp\" media=\"(max-width: 210px)\"><source srcset=\"https:\/\/campingmeretmontagne.fr\/wp-content\/uploads\/2026\/03\/snack-bar-850x638.webp\" media=\"(max-width: 420px)\"><source srcset=\"https:\/\/campingmeretmontagne.fr\/wp-content\/uploads\/2026\/03\/snack-bar-768x576.webp\" media=\"(max-width: 850px)\"><source srcset=\"https:\/\/campingmeretmontagne.fr\/wp-content\/uploads\/2026\/03\/snack-bar.webp\" media=\"(max-width: 1024px)\"><source srcset=\"https:\/\/campingmeretmontagne.fr\/wp-content\/uploads\/2026\/03\/snack-bar.webp\" media=\"(min-width: 1025px)\"><img decoding=\"async\" src=\"https:\/\/campingmeretmontagne.fr\/wp-content\/uploads\/2026\/03\/snack-bar-420x315.webp\" width=\"420\" height=\"210\" loading=\"lazy\" alt=\"\" title=\"\"><\/picture><\/figure><\/div><div class=\"columns__item\" style=\"align-self:center;\"><h1 class=\"p\">DIE DIENSTLEISTUNGEN DES CAMPINGPLATZES IN SIX-FOURS-LES-PLAGES<\/h1><h2 class=\"h1\">Genie\u00dfen Sie unser<span class=\"fc-span\"> Bar-Restaurant mit Ihrer Familie<\/span><\/h2><p    >Unsere <strong>gem\u00fctliche Snackbar<\/strong> empf\u00e4ngt Sie auf ihrer Terrasse, wo Sie sich mit <strong>Getr\u00e4nken, Cocktails oder Fruchts\u00e4ften<\/strong> erfrischen k\u00f6nnen.<\/p><div class=\"lireplus fc-mob\"><p    >Lesen Sie mehr<\/p><div class=\"group\"><p    >Entdecken Sie <strong>Pizzen (4 Abende pro Woche in der Hochsaison), Burger, Paninis, Pommes Frites und andere Leckereien<\/strong>, ob vor Ort oder zum Mitnehmen. Ideal f\u00fcr <strong>ein Essen mit der Familie oder mit Freunden<\/strong>, der perfekte Ort, um sich nach einem Tag auf dem Campingplatz zu entspannen.<\/p><\/div><\/div><div class=\"buttons\"><span class=\"buttons__btn btn-resa\">Meinen Aufenthalt finden<\/span><\/div><\/div><\/div>\n\n<div class=\"group sec-05 align-full\"><div class=\"cover align-full\"><picture class=\"cover__img\"><source srcset=\"https:\/\/campingmeretmontagne.fr\/wp-content\/uploads\/2026\/03\/services-famille-420x269.jpeg.webp\" media=\"(max-width: 210px)\"><source srcset=\"https:\/\/campingmeretmontagne.fr\/wp-content\/uploads\/2026\/03\/services-famille-850x544.jpeg.webp\" media=\"(max-width: 420px)\"><source srcset=\"https:\/\/campingmeretmontagne.fr\/wp-content\/uploads\/2026\/03\/services-famille-768x491.jpeg.webp\" media=\"(max-width: 850px)\"><source srcset=\"https:\/\/campingmeretmontagne.fr\/wp-content\/uploads\/2026\/03\/services-famille-1024x655.jpeg.webp\" media=\"(max-width: 1024px)\"><source srcset=\"https:\/\/campingmeretmontagne.fr\/wp-content\/uploads\/2026\/03\/services-famille.jpeg.webp\" media=\"(min-width: 1025px)\"><img decoding=\"async\" src=\"https:\/\/campingmeretmontagne.fr\/wp-content\/uploads\/2026\/03\/services-famille-420x269.jpeg.webp\" width=\"420\" height=\"210\" alt=\"A young family with two toddler children standing on beach on summer holiday, having fun.\" loading=\"lazy\" title=\"\"><\/picture><div class=\"cover__inner\"><div class=\"columns\" style=\"align-items:center;\"><div class=\"columns__item flex-07\" style=\"align-self:center;\"><h2>Dienstleistungen und Einrichtungen, die auf Ihren <span class=\"fc-span\">Familienurlaub zugeschnitten sind<\/span><\/h2><\/div><div class=\"columns__item\" style=\"align-self:center;\"><ul><li><strong>Kostenloses Wi-Fi<\/strong> in der N\u00e4he der Rezeption und des Restaurants\n<\/li><li><strong>Brotverkauf<\/strong> im Juli und August ;\n<\/li><li><strong>Gemeinschaftliches Barbecue<\/strong>, Versammlungsraum und <strong>Touristeninformationsecke<\/strong>;\n<\/li><li><strong>Verleih von Material<\/strong>: Schl\u00e4ger, B\u00e4lle, Babybadewanne;\n<\/li><li>Waschsalon <strong>24 Stunden am Tag, 7 Tage die Woche ge\u00f6ffnet<\/strong>: M\u00fcnzset + Waschmittel auf dem Campingplatz zu kaufen;\n<\/li><li><strong>Vermietung von Ausstattungen<\/strong>: Babybetten, Hochst\u00fchle, K\u00fchlschr\u00e4nke und Ventilatoren;\n<\/li><li><strong>M\u00fclltrennungscontainer<\/strong> stehen am Eingang des Campingplatzes zur Verf\u00fcgung.\n<\/li><\/ul><\/div><\/div><\/div><\/div><\/div>","protected":false},"excerpt":{"rendered":"<p>DIE DIENSTLEISTUNGEN DES CAMPINGPLATZES IN SIX-FOURS-LES-PLAGES Genie\u00dfen Sie unser Bar-Restaurant mit Ihrer Familie Unsere gem\u00fctliche Snackbar empf\u00e4ngt Sie auf ihrer Terrasse, wo Sie sich mit Getr\u00e4nken, Cocktails oder Fruchts\u00e4ften erfrischen k\u00f6nnen.<\/p>\n","protected":false},"author":1,"featured_media":0,"parent":0,"menu_order":0,"comment_status":"closed","ping_status":"closed","template":"","meta":{"_acf_changed":false,"footnotes":""},"acf":[],"_links":{"self":[{"href":"https:\/\/campingmeretmontagne.fr\/de\/wp-json\/wp\/v2\/pages\/1384"}],"collection":[{"href":"https:\/\/campingmeretmontagne.fr\/de\/wp-json\/wp\/v2\/pages"}],"about":[{"href":"https:\/\/campingmeretmontagne.fr\/de\/wp-json\/wp\/v2\/types\/page"}],"author":[{"embeddable":true,"href":"https:\/\/campingmeretmontagne.fr\/de\/wp-json\/wp\/v2\/users\/1"}],"replies":[{"embeddable":true,"href":"https:\/\/campingmeretmontagne.fr\/de\/wp-json\/wp\/v2\/comments?post=1384"}],"version-history":[{"count":2,"href":"https:\/\/campingmeretmontagne.fr\/de\/wp-json\/wp\/v2\/pages\/1384\/revisions"}],"predecessor-version":[{"id":1556,"href":"https:\/\/campingmeretmontagne.fr\/de\/wp-json\/wp\/v2\/pages\/1384\/revisions\/1556"}],"wp:attachment":[{"href":"https:\/\/campingmeretmontagne.fr\/de\/wp-json\/wp\/v2\/media?parent=1384"}],"curies":[{"name":"wp","href":"https:\/\/api.w.org\/{rel}","templated":true}]}}